{"id":990,"date":"2026-01-20T11:24:58","date_gmt":"2026-01-20T10:24:58","guid":{"rendered":"https:\/\/www.gaseuropa.es\/politique-de-cookies\/"},"modified":"2026-01-20T13:14:53","modified_gmt":"2026-01-20T12:14:53","slug":"politique-de-cookies","status":"publish","type":"page","link":"https:\/\/www.gaseuropa.es\/fr\/politique-de-cookies\/","title":{"rendered":"Politique de cookies"},"content":{"rendered":"<div class=\"fusion-fullwidth fullwidth-box fusion-builder-row-1 fusion-flex-container nonhundred-percent-fullwidth non-hundred-percent-height-scrolling\" style=\"--awb-border-radius-top-left:0px;--awb-border-radius-top-right:0px;--awb-border-radius-bottom-right:0px;--awb-border-radius-bottom-left:0px;--awb-flex-wrap:wrap;\" ><div class=\"fusion-builder-row fusion-row fusion-flex-align-items-flex-start fusion-flex-content-wrap\" style=\"max-width:1248px;margin-left: calc(-4% \/ 2 );margin-right: calc(-4% \/ 2 );\"><div class=\"fusion-layout-column fusion_builder_column fusion-builder-column-0 fusion_builder_column_1_1 1_1 fusion-flex-column\" style=\"--awb-bg-size:cover;--awb-width-large:100%;--awb-margin-top-large:0px;--awb-spacing-right-large:1.92%;--awb-margin-bottom-large:0px;--awb-spacing-left-large:1.92%;--awb-width-medium:100%;--awb-spacing-right-medium:1.92%;--awb-spacing-left-medium:1.92%;--awb-width-small:100%;--awb-spacing-right-small:1.92%;--awb-spacing-left-small:1.92%;\"><div class=\"fusion-column-wrapper fusion-flex-justify-content-flex-start fusion-content-layout-column\">\n<section class=\"legal legal-cookies\" lang=\"es\">\n<h1>Politique de cookies<\/h1>\n<p><strong>Derni\u00e8re mise \u00e0 jour\u00a0:<\/strong> 20\/01\/2026<\/p>\n<p>\n  La pr\u00e9sente Politique de cookies explique ce que sont les cookies, quels types sont utilis\u00e9s sur ce site web<br \/>\n et comment vous pouvez les configurer ou les d\u00e9sactiver. Pour plus d\u2019informations sur le traitement des donn\u00e9es personnelles,<br \/>\n veuillez consulter la <a href=\"https:\/\/www.gaseuropa.es\/fr\/politique-de-confidentialite\/\">Politique de confidentialit\u00e9<\/a>.\n  <\/p>\n<h2>1. Que sont les cookies\u00a0?<\/h2>\n<p>\n  Les cookies sont de petits fichiers qui sont t\u00e9l\u00e9charg\u00e9s sur votre appareil lorsque vous acc\u00e9dez \u00e0 certaines pages web.<br \/>\n Ils permettent, entre autres, de stocker et de r\u00e9cup\u00e9rer des informations sur les habitudes de navigation d\u2019un utilisateur<br \/>\n ou de son \u00e9quipement et, en fonction des informations qu\u2019ils contiennent et de la mani\u00e8re dont vous utilisez votre \u00e9quipement, ils peuvent<br \/>\n \u00eatre utilis\u00e9s pour reconna\u00eetre l\u2019utilisateur.\n  <\/p>\n<h2>2. Qui est le responsable\u00a0?<\/h2>\n<p>\n    <strong>Titulaire\u00a0:<\/strong> GAS EUROPA, S.A.<br \/>    <strong>CIF\u00a0:<\/strong> A15294929<br \/>    <strong>Domicile\u00a0:<\/strong> Carretera de Nostian s\/n, Meicende, 15140 A Coru\u00f1a, Galice, Espagne\n  <\/p>\n<h2>3. Types de cookies<\/h2>\n<ul>\n<li><strong>Cookies techniques ou n\u00e9cessaires\u00a0:<\/strong> indispensables au fonctionnement du site.<\/li>\n<li><strong>Cookies de pr\u00e9f\u00e9rences\u00a0:<\/strong> m\u00e9morisent des informations pour personnaliser votre exp\u00e9rience.<\/li>\n<li><strong>Cookies analytiques\u00a0:<\/strong> aident \u00e0 mesurer et \u00e0 analyser l\u2019utilisation du site (p. ex., pages visit\u00e9es).<\/li>\n<li><strong>Cookies de marketing\u00a0:<\/strong> sont utilis\u00e9es pour afficher des publicit\u00e9s pertinentes ou mesurer des campagnes.<\/li>\n<\/ul>\n<h2>4. Cookies propres et tiers<\/h2>\n<p>\n  Ce site web peut utiliser des cookies propres et\/ou de tiers. Les cookies tiers sont g\u00e9r\u00e9s par<br \/>\n des fournisseurs externes (par exemple, des outils de mesure ou des contenus int\u00e9gr\u00e9s). Le cas \u00e9ch\u00e9ant, les transferts<br \/>\n internationaux seront indiqu\u00e9s par le fournisseur correspondant.\n  <\/p>\n<h2>5. Liste de cookies<\/h2>\n<p>\n  Vous trouverez ci-dessous une liste indicative. Elle doit \u00eatre adapt\u00e9e \u00e0 l\u2019inventaire r\u00e9el des cookies du site<br \/>\n (nom, fournisseur, finalit\u00e9, dur\u00e9e et type).\n  <\/p>\n<div style=\"overflow:auto\">\n<table border=\"1\" cellpadding=\"8\" cellspacing=\"0\" style=\"border-collapse:collapse; min-width: 720px;\">\n<thead>\n<tr>\n<th>Cookie<\/th>\n<th>Fournisseur<\/th>\n<th>Finalit\u00e9<\/th>\n<th>Type<\/th>\n<th>Dur\u00e9e<\/th>\n<\/tr>\n<\/thead>\n<tbody>\n<tr>\n<td>[p. ex.\u00a0: cookie_consent]<\/td>\n<td>gaseuropa.es<\/td>\n<td>Enregistrer la s\u00e9lection de consentement<\/td>\n<td>Technique<\/td>\n<td>[p. ex.\u00a0: 6\u00a0mois]<\/td>\n<\/tr>\n<tr>\n<td>[p. ex.\u00a0: _ga]<\/td>\n<td>[p. ex.\u00a0: Google Analytics]<\/td>\n<td>Analytique\/mesure<\/td>\n<td>Analytique<\/td>\n<td>[p. ex.\u00a0: 2\u00a0ans]<\/td>\n<\/tr>\n<\/tbody>\n<\/table><\/div>\n<h2>6. Comment g\u00e9rer ou d\u00e9sactiver les cookies<\/h2>\n<p>\n  Vous pouvez autoriser, bloquer ou supprimer les cookies install\u00e9s sur votre ordinateur en configurant les options du<br \/>\n navigateur que vous utilisez. Vous trouverez ci-dessous les itin\u00e9raires habituels (ils peuvent varier selon la version)\u00a0:\n  <\/p>\n<ul>\n<li><strong>Chrome\u00a0:<\/strong> Param\u00e8tres > Confidentialit\u00e9 et s\u00e9curit\u00e9 > Cookies<\/li>\n<li><strong>Edge\u00a0:<\/strong> Param\u00e8tres > Cookies et autorisations du site<\/li>\n<li><strong>Firefox\u00a0:<\/strong> Param\u00e8tres > Vie priv\u00e9e et s\u00e9curit\u00e9<\/li>\n<li><strong>Safari\u00a0:<\/strong> Pr\u00e9f\u00e9rences > Confidentialit\u00e9<\/li>\n<\/ul>\n<h2>7. Configuration du consentement<\/h2>\n<p>\n  Si ce site affiche une banni\u00e8re ou un panneau de configuration des cookies, vous pourrez modifier votre consentement \u00e0 tout moment<br \/>\n \u00e0 partir de ce panneau (par exemple, via un lien \u00ab\u00a0Configurer les cookies\u00a0\u00bb dans le pied de page, s\u2019il est disponible).\n  <\/p>\n<h2>8. Modifications de la Politique de cookies<\/h2>\n<p>\n  GAS EUROPA, S.A. peut modifier la pr\u00e9sente politique pour l\u2019adapter aux changements l\u00e9gislatifs ou techniques. Il est recommand\u00e9 de la consulter r\u00e9guli\u00e8rement.\n  <\/p>\n<h2>9. Contact<\/h2>\n<p>\n  Pour toute question relative \u00e0 l\u2019utilisation des cookies, vous pouvez nous contacter \u00e0 l\u2019adresse suivante\u00a0: <strong>[email de contacto]<\/strong>.\n  <\/p>\n<\/section>\n<\/div><\/div><\/div><\/div>\n","protected":false},"excerpt":{"rendered":"","protected":false},"author":7,"featured_media":0,"parent":0,"menu_order":0,"comment_status":"closed","ping_status":"closed","template":"100-width.php","meta":{"footnotes":""},"class_list":["post-990","page","type-page","status-publish","hentry"],"yoast_head":"<!-- This site is optimized with the Yoast SEO plugin v26.4 - https:\/\/yoast.com\/wordpress\/plugins\/seo\/ -->\n<title>Politique de cookies | Gas Europa, S.A.<\/title>\n<meta name=\"robots\" content=\"index, follow, max-snippet:-1, max-image-preview:large, max-video-preview:-1\" \/>\n<link rel=\"canonical\" href=\"https:\/\/www.gaseuropa.es\/fr\/politique-de-cookies\/\" \/>\n<meta property=\"og:locale\" content=\"fr_FR\" \/>\n<meta property=\"og:type\" content=\"article\" \/>\n<meta property=\"og:title\" content=\"Politique de cookies | Gas Europa, S.A.\" \/>\n<meta property=\"og:url\" content=\"https:\/\/www.gaseuropa.es\/fr\/politique-de-cookies\/\" \/>\n<meta property=\"og:site_name\" content=\"Gas Europa, S.A.\" \/>\n<meta property=\"article:modified_time\" content=\"2026-01-20T12:14:53+00:00\" \/>\n<meta property=\"og:image\" content=\"https:\/\/www.gaseuropa.es\/wp-content\/uploads\/2025\/04\/open_graph.png\" \/>\n\t<meta property=\"og:image:width\" content=\"1200\" \/>\n\t<meta property=\"og:image:height\" content=\"675\" \/>\n\t<meta property=\"og:image:type\" content=\"image\/png\" \/>\n<meta name=\"twitter:card\" content=\"summary_large_image\" \/>\n<meta name=\"twitter:label1\" content=\"Dur\u00e9e de lecture estim\u00e9e\" \/>\n\t<meta name=\"twitter:data1\" content=\"3 minutes\" \/>\n<script type=\"application\/ld+json\" class=\"yoast-schema-graph\">{\"@context\":\"https:\/\/schema.org\",\"@graph\":[{\"@type\":\"WebPage\",\"@id\":\"https:\/\/www.gaseuropa.es\/fr\/politique-de-cookies\/\",\"url\":\"https:\/\/www.gaseuropa.es\/fr\/politique-de-cookies\/\",\"name\":\"Politique de cookies | Gas Europa, S.A.\",\"isPartOf\":{\"@id\":\"https:\/\/www.gaseuropa.es\/fr\/#website\"},\"datePublished\":\"2026-01-20T10:24:58+00:00\",\"dateModified\":\"2026-01-20T12:14:53+00:00\",\"breadcrumb\":{\"@id\":\"https:\/\/www.gaseuropa.es\/fr\/politique-de-cookies\/#breadcrumb\"},\"inLanguage\":\"fr-FR\",\"potentialAction\":[{\"@type\":\"ReadAction\",\"target\":[\"https:\/\/www.gaseuropa.es\/fr\/politique-de-cookies\/\"]}]},{\"@type\":\"BreadcrumbList\",\"@id\":\"https:\/\/www.gaseuropa.es\/fr\/politique-de-cookies\/#breadcrumb\",\"itemListElement\":[{\"@type\":\"ListItem\",\"position\":1,\"name\":\"Home\",\"item\":\"https:\/\/www.gaseuropa.es\/fr\/accueil\/\"},{\"@type\":\"ListItem\",\"position\":2,\"name\":\"Politique de cookies\"}]},{\"@type\":\"WebSite\",\"@id\":\"https:\/\/www.gaseuropa.es\/fr\/#website\",\"url\":\"https:\/\/www.gaseuropa.es\/fr\/\",\"name\":\"Gas Europa, S.A.\",\"description\":\"\",\"potentialAction\":[{\"@type\":\"SearchAction\",\"target\":{\"@type\":\"EntryPoint\",\"urlTemplate\":\"https:\/\/www.gaseuropa.es\/fr\/?s={search_term_string}\"},\"query-input\":{\"@type\":\"PropertyValueSpecification\",\"valueRequired\":true,\"valueName\":\"search_term_string\"}}],\"inLanguage\":\"fr-FR\"}]}<\/script>\n<!-- \/ Yoast SEO plugin. -->","yoast_head_json":{"title":"Politique de cookies | Gas Europa, S.A.","robots":{"index":"index","follow":"follow","max-snippet":"max-snippet:-1","max-image-preview":"max-image-preview:large","max-video-preview":"max-video-preview:-1"},"canonical":"https:\/\/www.gaseuropa.es\/fr\/politique-de-cookies\/","og_locale":"fr_FR","og_type":"article","og_title":"Politique de cookies | Gas Europa, S.A.","og_url":"https:\/\/www.gaseuropa.es\/fr\/politique-de-cookies\/","og_site_name":"Gas Europa, S.A.","article_modified_time":"2026-01-20T12:14:53+00:00","og_image":[{"width":1200,"height":675,"url":"https:\/\/www.gaseuropa.es\/wp-content\/uploads\/2025\/04\/open_graph.png","type":"image\/png"}],"twitter_card":"summary_large_image","twitter_misc":{"Dur\u00e9e de lecture estim\u00e9e":"3 minutes"},"schema":{"@context":"https:\/\/schema.org","@graph":[{"@type":"WebPage","@id":"https:\/\/www.gaseuropa.es\/fr\/politique-de-cookies\/","url":"https:\/\/www.gaseuropa.es\/fr\/politique-de-cookies\/","name":"Politique de cookies | Gas Europa, S.A.","isPartOf":{"@id":"https:\/\/www.gaseuropa.es\/fr\/#website"},"datePublished":"2026-01-20T10:24:58+00:00","dateModified":"2026-01-20T12:14:53+00:00","breadcrumb":{"@id":"https:\/\/www.gaseuropa.es\/fr\/politique-de-cookies\/#breadcrumb"},"inLanguage":"fr-FR","potentialAction":[{"@type":"ReadAction","target":["https:\/\/www.gaseuropa.es\/fr\/politique-de-cookies\/"]}]},{"@type":"BreadcrumbList","@id":"https:\/\/www.gaseuropa.es\/fr\/politique-de-cookies\/#breadcrumb","itemListElement":[{"@type":"ListItem","position":1,"name":"Home","item":"https:\/\/www.gaseuropa.es\/fr\/accueil\/"},{"@type":"ListItem","position":2,"name":"Politique de cookies"}]},{"@type":"WebSite","@id":"https:\/\/www.gaseuropa.es\/fr\/#website","url":"https:\/\/www.gaseuropa.es\/fr\/","name":"Gas Europa, S.A.","description":"","potentialAction":[{"@type":"SearchAction","target":{"@type":"EntryPoint","urlTemplate":"https:\/\/www.gaseuropa.es\/fr\/?s={search_term_string}"},"query-input":{"@type":"PropertyValueSpecification","valueRequired":true,"valueName":"search_term_string"}}],"inLanguage":"fr-FR"}]}},"_links":{"self":[{"href":"https:\/\/www.gaseuropa.es\/fr\/wp-json\/wp\/v2\/pages\/990","targetHints":{"allow":["GET"]}}],"collection":[{"href":"https:\/\/www.gaseuropa.es\/fr\/wp-json\/wp\/v2\/pages"}],"about":[{"href":"https:\/\/www.gaseuropa.es\/fr\/wp-json\/wp\/v2\/types\/page"}],"author":[{"embeddable":true,"href":"https:\/\/www.gaseuropa.es\/fr\/wp-json\/wp\/v2\/users\/7"}],"replies":[{"embeddable":true,"href":"https:\/\/www.gaseuropa.es\/fr\/wp-json\/wp\/v2\/comments?post=990"}],"version-history":[{"count":2,"href":"https:\/\/www.gaseuropa.es\/fr\/wp-json\/wp\/v2\/pages\/990\/revisions"}],"predecessor-version":[{"id":992,"href":"https:\/\/www.gaseuropa.es\/fr\/wp-json\/wp\/v2\/pages\/990\/revisions\/992"}],"wp:attachment":[{"href":"https:\/\/www.gaseuropa.es\/fr\/wp-json\/wp\/v2\/media?parent=990"}],"curies":[{"name":"wp","href":"https:\/\/api.w.org\/{rel}","templated":true}]}}